{"id":6121,"date":"2022-12-09T00:39:46","date_gmt":"2022-12-08T23:39:46","guid":{"rendered":"https:\/\/www.ufipay.net\/?page_id=6121"},"modified":"2022-12-09T00:47:09","modified_gmt":"2022-12-08T23:47:09","slug":"presentation-2","status":"publish","type":"page","link":"https:\/\/www.ufipay.net\/index.php\/presentation-2\/","title":{"rendered":"Pr\u00e9sentation"},"content":{"rendered":"\n<p>UFI PAYMENT SOLUTIONS S.A. Cr\u00e9\u00e9e en 2016 est une soci\u00e9t\u00e9 de services et d\u2019ing\u00e9nierie informatique (SSII) bas\u00e9e au Cameroun et en Afrique Centrale sp\u00e9cialis\u00e9e dans la Finance et la Technologie dont le si\u00e8ge social se trouve \u00e0 Yaound\u00e9.<\/p>\n","protected":false},"excerpt":{"rendered":"<p>UFI PAYMENT SOLUTIONS S.A. Cr\u00e9\u00e9e en 2016 est une soci\u00e9t\u00e9 de services et d\u2019ing\u00e9nierie informatique (SSII) bas\u00e9e au Cameroun et en Afrique Centrale sp\u00e9cialis\u00e9e dans la Finance et la Technologie dont le si\u00e8ge social se trouve \u00e0 Yaound\u00e9.<\/p>\n","protected":false},"author":1,"featured_media":0,"parent":0,"menu_order":0,"comment_status":"closed","ping_status":"closed","template":"","meta":{"_mi_skip_tracking":false,"footnotes":""},"class_list":["post-6121","page","type-page","status-publish","hentry"],"aioseo_notices":[],"_links":{"self":[{"href":"https:\/\/www.ufipay.net\/index.php\/wp-json\/wp\/v2\/pages\/6121","targetHints":{"allow":["GET"]}}],"collection":[{"href":"https:\/\/www.ufipay.net\/index.php\/wp-json\/wp\/v2\/pages"}],"about":[{"href":"https:\/\/www.ufipay.net\/index.php\/wp-json\/wp\/v2\/types\/page"}],"author":[{"embeddable":true,"href":"https:\/\/www.ufipay.net\/index.php\/wp-json\/wp\/v2\/users\/1"}],"replies":[{"embeddable":true,"href":"https:\/\/www.ufipay.net\/index.php\/wp-json\/wp\/v2\/comments?post=6121"}],"version-history":[{"count":2,"href":"https:\/\/www.ufipay.net\/index.php\/wp-json\/wp\/v2\/pages\/6121\/revisions"}],"predecessor-version":[{"id":6124,"href":"https:\/\/www.ufipay.net\/index.php\/wp-json\/wp\/v2\/pages\/6121\/revisions\/6124"}],"wp:attachment":[{"href":"https:\/\/www.ufipay.net\/index.php\/wp-json\/wp\/v2\/media?parent=6121"}],"curies":[{"name":"wp","href":"https:\/\/api.w.org\/{rel}","templated":true}]}}