{"id":7272,"date":"2026-03-20T17:46:47","date_gmt":"2026-03-20T16:46:47","guid":{"rendered":"https:\/\/www.ufipay.net\/?page_id=7272"},"modified":"2026-03-23T15:49:29","modified_gmt":"2026-03-23T14:49:29","slug":"ufipay-partenaire-integrateur-sbs","status":"publish","type":"page","link":"https:\/\/www.ufipay.net\/index.php\/ufipay-partenaire-integrateur-sbs\/","title":{"rendered":"UFIPAY &#8211; PARTENAIRE INTEGRATEUR SBS"},"content":{"rendered":"\t\t<div data-elementor-type=\"wp-page\" data-elementor-id=\"7272\" class=\"elementor elementor-7272\">\n\t\t\t\t\t\t<section class=\"elementor-section elementor-top-section elementor-element elementor-element-2573fa5 elementor-section-boxed elementor-section-height-default elementor-section-height-default\" data-id=\"2573fa5\" data-element_type=\"section\" data-e-type=\"section\">\n\t\t\t\t\t\t<div class=\"elementor-container elementor-column-gap-default\">\n\t\t\t\t\t<div class=\"elementor-column elementor-col-100 elementor-top-column elementor-element elementor-element-7e43b5d\" data-id=\"7e43b5d\" data-element_type=\"column\" data-e-type=\"column\">\n\t\t\t<div class=\"elementor-widget-wrap elementor-element-populated\">\n\t\t\t\t\t\t<div class=\"elementor-element elementor-element-ef5903e elementor-widget elementor-widget-text-editor\" data-id=\"ef5903e\" data-element_type=\"widget\" data-e-type=\"widget\" data-widget_type=\"text-editor.default\">\n\t\t\t\t<div class=\"elementor-widget-container\">\n\t\t\t\t\t\t\t\t\t<h1><strong><span style=\"color: #546e7a; font-family: 'Open Sans', sans-serif; font-size: 13.5px; font-style: normal; font-variant-ligatures: normal; font-variant-caps: normal; letter-spacing: normal; text-align: start; text-indent: 0px; text-transform: none; word-spacing: 0px; -webkit-text-stroke-width: 0px; white-space: normal; background-color: #ffffff; text-decoration-thickness: initial; text-decoration-style: initial; text-decoration-color: initial; display: inline !important; float: none;\">&nbsp; &nbsp; &nbsp; &nbsp; &nbsp; &nbsp; &nbsp; &nbsp; &nbsp; &nbsp; &nbsp; &nbsp; &nbsp;<\/span><\/strong><\/h1><h1><strong>&nbsp; &nbsp; &nbsp; <span style=\"color: #546e7a; font-family: 'Open Sans', sans-serif; font-size: 13.5px; font-style: normal; font-variant-ligatures: normal; font-variant-caps: normal; letter-spacing: normal; text-align: start; text-indent: 0px; text-transform: none; word-spacing: 0px; -webkit-text-stroke-width: 0px; white-space: normal; background-color: #ffffff; text-decoration-thickness: initial; text-decoration-style: initial; text-decoration-color: initial; display: inline !important; float: none;\">Notre&nbsp;<\/span><span style=\"box-sizing: border-box; margin: 0px; padding: 0px; color: #546e7a; font-family: 'Open Sans', sans-serif; font-size: 13.5px; font-style: normal; font-variant-ligatures: normal; font-variant-caps: normal; letter-spacing: normal; orphans: 2; text-align: start; text-indent: 0px; text-transform: none; widows: 2; word-spacing: 0px; -webkit-text-stroke-width: 0px; white-space: normal; background-color: #ffffff; text-decoration-thickness: initial; text-decoration-style: initial; text-decoration-color: initial;\">proximit\u00e9 g\u00e9ographique<\/span><span style=\"color: #546e7a; font-family: 'Open Sans', sans-serif; font-size: 13.5px; font-style: normal; font-variant-ligatures: normal; font-variant-caps: normal; letter-spacing: normal; text-align: start; text-indent: 0px; text-transform: none; word-spacing: 0px; -webkit-text-stroke-width: 0px; white-space: normal; background-color: #ffffff; text-decoration-thickness: initial; text-decoration-style: initial; text-decoration-color: initial; display: inline !important; float: none;\">&nbsp;quotidienne avec le client et notre connaissance approfondie du march\u00e9 des institutions de microfinance en Afrique central, nous permettent de vous offrir nos prestations \u00e0 un TJM comp\u00e9titif.<\/span><\/strong><\/h1>\t\t\t\t\t\t\t\t<\/div>\n\t\t\t\t<\/div>\n\t\t\t\t\t<\/div>\n\t\t<\/div>\n\t\t\t\t\t<\/div>\n\t\t<\/section>\n\t\t\t\t<section class=\"elementor-section elementor-top-section elementor-element elementor-element-36cd62f7 elementor-section-boxed elementor-section-height-default elementor-section-height-default\" data-id=\"36cd62f7\" data-element_type=\"section\" data-e-type=\"section\">\n\t\t\t\t\t\t<div class=\"elementor-container elementor-column-gap-default\">\n\t\t\t\t\t<div class=\"elementor-column elementor-col-100 elementor-top-column elementor-element elementor-element-4891c8ec\" data-id=\"4891c8ec\" data-element_type=\"column\" data-e-type=\"column\">\n\t\t\t<div class=\"elementor-widget-wrap elementor-element-populated\">\n\t\t\t\t\t\t<div class=\"elementor-element elementor-element-4819550d elementor-widget elementor-widget-text-editor\" data-id=\"4819550d\" data-element_type=\"widget\" data-e-type=\"widget\" data-widget_type=\"text-editor.default\">\n\t\t\t\t<div class=\"elementor-widget-container\">\n\t\t\t\t\t\t\t\t\t<figure class=\"wp-block-gallery has-nested-images columns-default is-cropped\"><\/p>\n<\/figure>\n<p><!-- \/wp:gallery --><!-- wp:heading --><\/p>\n<h2 class=\"wp-block-heading\">D\u00e9ployez Amplitude V11 dans votre institution<\/h2>\n<div>\u00a0<\/div>\n<p><!-- \/wp:heading --><!-- wp:separator --><\/p>\n<hr class=\"wp-block-separator has-alpha-channel-opacity\" \/>\n<p><!-- \/wp:separator --><!-- wp:paragraph --><\/p>\n<p>UFI Payment Solutions vous accompagne de bout en bout dans l&rsquo;int\u00e9gration du core banking\u00a0<strong>Amplitude V11 (SBS)<\/strong>\u00a0\u2014 de la sp\u00e9cification \u00e0 la mise en production \u2014 en Afrique Centrale.<\/p>\n<p>\u00a0<\/p>\n<p><!-- \/wp:paragraph --><!-- wp:paragraph --><\/p>\n<p>UFI Payment Solutions intervient aupr\u00e8s des\u00a0<strong>\u00e9tablissements bancaires, institutions de microfinance, compagnies d&rsquo;assurance et soci\u00e9t\u00e9s de transfert d&rsquo;argent<\/strong>\u00a0en B2B et B2C \u00e0 travers toute la zone CEMAC.<\/p>\n<p>\u00a0<\/p>\n<p><!-- \/wp:paragraph --><!-- wp:paragraph --><\/p>\n<p>Notre expertise sur le core banking\u00a0<strong>Amplitude (SBS \/ Sopra Banking)<\/strong>\u00a0est reconnue et valid\u00e9e par des d\u00e9ploiements r\u00e9ussis dans plusieurs pays : Cameroun, Gabon, Tchad, Congo et RCA.<\/p>\n<p>\u00a0<\/p>\n<p><!-- \/wp:paragraph --><!-- wp:paragraph --><\/p>\n<p>UFIPAY offre une expertise de niveau international ancr\u00e9e dans la connaissance du march\u00e9 local, ce qui garantit r\u00e9activit\u00e9, proximit\u00e9 et ma\u00eetrise des enjeux r\u00e9glementaires COBAC\/CEMAC.<\/p>\n<p>\u00a0<\/p>\n<p><!-- \/wp:paragraph --><!-- wp:separator --><\/p>\n<hr class=\"wp-block-separator has-alpha-channel-opacity\" \/>\n<p><!-- \/wp:separator --><!-- wp:heading --><\/p>\n<h2 class=\"wp-block-heading\">9 phases \u00e9prouv\u00e9es pour un d\u00e9ploiement ma\u00eetris\u00e9<\/h2>\n<div>\u00a0<\/div>\n<p><!-- \/wp:heading --><!-- wp:paragraph --><\/p>\n<p>Un accompagnement de qualit\u00e9, de la phase de cadrage jusqu&rsquo;\u00e0 l&rsquo;assistance post-bascule, avec des responsabilit\u00e9s claires \u00e0 chaque \u00e9tape.<\/p>\n<p>\u00a0<\/p>\n<p><!-- \/wp:paragraph --><!-- wp:list --><\/p>\n<ul class=\"wp-block-list\">\n<li style=\"list-style-type: none;\">\n<ul class=\"wp-block-list\"><!-- wp:list-item --><\/ul>\n<\/li>\n<\/ul>\n<p>\u00a0<\/p>\n<ul class=\"wp-block-list\">\n<li style=\"list-style-type: none;\">\n<ul class=\"wp-block-list\">\n<li><strong>Cadrage &amp; Sp\u00e9cifications g\u00e9n\u00e9rales<\/strong><\/li>\n<\/ul>\n<\/li>\n<\/ul>\n<p><!-- \/wp:list-item --><!-- wp:list-item --><\/p>\n<ul class=\"wp-block-list\">\n<li style=\"list-style-type: none;\">\n<ul class=\"wp-block-list\">\n<li><strong>Installation des serveurs<\/strong><\/li>\n<\/ul>\n<\/li>\n<\/ul>\n<p><!-- \/wp:list-item --><!-- wp:list-item --><\/p>\n<ul class=\"wp-block-list\">\n<li style=\"list-style-type: none;\">\n<ul class=\"wp-block-list\">\n<li><strong>Param\u00e9trage &amp; Tests unitaires<\/strong><\/li>\n<\/ul>\n<\/li>\n<\/ul>\n<p><!-- \/wp:list-item --><!-- wp:list-item --><\/p>\n<ul class=\"wp-block-list\">\n<li style=\"list-style-type: none;\">\n<ul class=\"wp-block-list\">\n<li><strong>Migration des donn\u00e9es<\/strong><\/li>\n<\/ul>\n<\/li>\n<\/ul>\n<p><!-- \/wp:list-item --><!-- wp:list-item --><\/p>\n<ul class=\"wp-block-list\">\n<li style=\"list-style-type: none;\">\n<ul class=\"wp-block-list\">\n<li><strong>Homologation \/ UAT<\/strong><\/li>\n<\/ul>\n<\/li>\n<\/ul>\n<p><!-- \/wp:list-item --><!-- wp:list-item --><\/p>\n<ul class=\"wp-block-list\">\n<li style=\"list-style-type: none;\">\n<ul class=\"wp-block-list\">\n<li><strong>Formations Key Users<\/strong><\/li>\n<\/ul>\n<\/li>\n<\/ul>\n<p><!-- \/wp:list-item --><!-- wp:list-item --><\/p>\n<ul class=\"wp-block-list\">\n<li style=\"list-style-type: none;\">\n<ul class=\"wp-block-list\">\n<li><strong>R\u00e9p\u00e9tition g\u00e9n\u00e9rale<\/strong><\/li>\n<\/ul>\n<\/li>\n<\/ul>\n<p><!-- \/wp:list-item --><!-- wp:list-item --><\/p>\n<ul class=\"wp-block-list\">\n<li style=\"list-style-type: none;\">\n<ul class=\"wp-block-list\">\n<li><strong>Bascule en production<\/strong><\/li>\n<\/ul>\n<\/li>\n<\/ul>\n<p><!-- \/wp:list-item --><!-- wp:list-item --><\/p>\n<ul class=\"wp-block-list\">\n<li style=\"list-style-type: none;\">\n<ul class=\"wp-block-list\">\n<li><strong>Assistance post-bascule<\/strong><\/li>\n<\/ul>\n<\/li>\n<\/ul>\n<p><!-- \/wp:list-item --><\/p>\n<p><!-- \/wp:list --><\/p>\t\t\t\t\t\t\t\t<\/div>\n\t\t\t\t<\/div>\n\t\t\t\t\t<\/div>\n\t\t<\/div>\n\t\t\t\t\t<\/div>\n\t\t<\/section>\n\t\t\t\t<\/div>\n\t\t","protected":false},"excerpt":{"rendered":"<p>&nbsp; &nbsp; &nbsp; &nbsp; &nbsp; &nbsp; &nbsp; &nbsp; &nbsp; &nbsp; &nbsp; &nbsp; &nbsp; &nbsp; &nbsp; &nbsp; Notre&nbsp;proximit\u00e9 g\u00e9ographique&nbsp;quotidienne avec le client et notre connaissance approfondie du march\u00e9 des institutions de microfinance en Afrique central, nous permettent de vous offrir nos prestations \u00e0 un TJM comp\u00e9titif. D\u00e9ployez Amplitude V11 dans votre institution \u00a0 UFI Payment Solutions [&hellip;]<\/p>\n","protected":false},"author":1,"featured_media":0,"parent":0,"menu_order":0,"comment_status":"closed","ping_status":"closed","template":"template-home.php","meta":{"_mi_skip_tracking":false,"footnotes":""},"class_list":["post-7272","page","type-page","status-publish","hentry"],"aioseo_notices":[],"_links":{"self":[{"href":"https:\/\/www.ufipay.net\/index.php\/wp-json\/wp\/v2\/pages\/7272","targetHints":{"allow":["GET"]}}],"collection":[{"href":"https:\/\/www.ufipay.net\/index.php\/wp-json\/wp\/v2\/pages"}],"about":[{"href":"https:\/\/www.ufipay.net\/index.php\/wp-json\/wp\/v2\/types\/page"}],"author":[{"embeddable":true,"href":"https:\/\/www.ufipay.net\/index.php\/wp-json\/wp\/v2\/users\/1"}],"replies":[{"embeddable":true,"href":"https:\/\/www.ufipay.net\/index.php\/wp-json\/wp\/v2\/comments?post=7272"}],"version-history":[{"count":16,"href":"https:\/\/www.ufipay.net\/index.php\/wp-json\/wp\/v2\/pages\/7272\/revisions"}],"predecessor-version":[{"id":7337,"href":"https:\/\/www.ufipay.net\/index.php\/wp-json\/wp\/v2\/pages\/7272\/revisions\/7337"}],"wp:attachment":[{"href":"https:\/\/www.ufipay.net\/index.php\/wp-json\/wp\/v2\/media?parent=7272"}],"curies":[{"name":"wp","href":"https:\/\/api.w.org\/{rel}","templated":true}]}}